{"id":10633,"date":"2020-11-10T14:24:27","date_gmt":"2020-11-10T14:24:27","guid":{"rendered":"http:\/\/mucca.pt\/sobre-nos\/"},"modified":"2022-01-20T12:16:38","modified_gmt":"2022-01-20T12:16:38","slug":"sobre-nosotros","status":"publish","type":"page","link":"https:\/\/mucca.pt\/es\/sobre-nosotros\/","title":{"rendered":"Sobre Nosotros"},"content":{"rendered":"\t\t<div data-elementor-type=\"wp-page\" data-elementor-id=\"10633\" class=\"elementor elementor-10633 elementor-21\" data-elementor-settings=\"[]\">\n\t\t\t\t\t\t<div class=\"elementor-inner\">\n\t\t\t\t\t\t\t<div class=\"elementor-section-wrap\">\n\t\t\t\t\t\t\t<section class=\"elementor-section elementor-top-section elementor-element elementor-element-03827b9 elementor-section-full_width elementor-section-height-default elementor-section-height-default\" data-id=\"03827b9\" data-element_type=\"section\">\n\t\t\t\t\t\t<div class=\"elementor-container elementor-column-gap-default\">\n\t\t\t\t\t\t\t<div class=\"elementor-row\">\n\t\t\t\t\t<div class=\"elementor-column elementor-col-100 elementor-top-column elementor-element elementor-element-21143bf\" data-id=\"21143bf\" data-element_type=\"column\">\n\t\t\t<div class=\"elementor-column-wrap elementor-element-populated\">\n\t\t\t\t\t\t\t<div class=\"elementor-widget-wrap\">\n\t\t\t\t\t\t<section class=\"elementor-section elementor-inner-section elementor-element elementor-element-ae42331 elementor-section-full_width elementor-section-height-default elementor-section-height-default\" data-id=\"ae42331\" data-element_type=\"section\">\n\t\t\t\t\t\t<div class=\"elementor-container elementor-column-gap-default\">\n\t\t\t\t\t\t\t<div class=\"elementor-row\">\n\t\t\t\t\t<div class=\"elementor-column elementor-col-100 elementor-inner-column elementor-element elementor-element-d892f0d\" data-id=\"d892f0d\" data-element_type=\"column\">\n\t\t\t<div class=\"elementor-column-wrap\">\n\t\t\t\t\t\t\t<div class=\"elementor-widget-wrap\">\n\t\t\t\t\t\t\t\t<\/div>\n\t\t\t\t\t<\/div>\n\t\t<\/div>\n\t\t\t\t\t\t\t\t<\/div>\n\t\t\t\t\t<\/div>\n\t\t<\/section>\n\t\t\t\t\t\t<\/div>\n\t\t\t\t\t<\/div>\n\t\t<\/div>\n\t\t\t\t\t\t\t\t<\/div>\n\t\t\t\t\t<\/div>\n\t\t<\/section>\n\t\t\t\t\t\t<\/div>\n\t\t\t\t\t\t<\/div>\n\t\t\t\t\t<\/div>\n\t\t","protected":false},"excerpt":{"rendered":"","protected":false},"author":1,"featured_media":0,"parent":0,"menu_order":0,"comment_status":"closed","ping_status":"closed","template":"template-sobrenos.php","meta":{"ngg_post_thumbnail":0},"yoast_head":"<!-- This site is optimized with the Yoast SEO plugin v17.8 - https:\/\/yoast.com\/wordpress\/plugins\/seo\/ -->\n<title>Sobre Nosotros - Mucca<\/title>\n<meta name=\"description\" content=\"Descubre m\u00e1s sobre Mucca, una marca 100% azoriana, donde podr\u00e1s encontrar tus productos favoritos en estas helader\u00edas cerca de ti.\" \/>\n<meta name=\"robots\" content=\"index, follow, max-snippet:-1, max-image-preview:large, max-video-preview:-1\" \/>\n<link rel=\"canonical\" href=\"https:\/\/mucca.pt\/es\/sobre-nosotros\/\" \/>\n<meta property=\"og:locale\" content=\"es_ES\" \/>\n<meta property=\"og:type\" content=\"article\" \/>\n<meta property=\"og:title\" content=\"Sobre Nosotros - Mucca\" \/>\n<meta property=\"og:description\" content=\"Descubre m\u00e1s sobre Mucca, una marca 100% azoriana, donde podr\u00e1s encontrar tus productos favoritos en estas helader\u00edas cerca de ti.\" \/>\n<meta property=\"og:url\" content=\"https:\/\/mucca.pt\/es\/sobre-nosotros\/\" \/>\n<meta property=\"og:site_name\" content=\"Mucca\" \/>\n<meta property=\"article:modified_time\" content=\"2022-01-20T12:16:38+00:00\" \/>\n<meta name=\"twitter:card\" content=\"summary_large_image\" \/>\n<script type=\"application\/ld+json\" class=\"yoast-schema-graph\">{\"@context\":\"https:\/\/schema.org\",\"@graph\":[{\"@type\":\"WebSite\",\"@id\":\"https:\/\/mucca.pt\/#website\",\"url\":\"https:\/\/mucca.pt\/\",\"name\":\"Mucca\",\"description\":\"Gelados, leite e iogurtes 100% a\\u00e7orianos - Ponta Delgada, A\\u00e7ores\",\"potentialAction\":[{\"@type\":\"SearchAction\",\"target\":{\"@type\":\"EntryPoint\",\"urlTemplate\":\"https:\/\/mucca.pt\/?s={search_term_string}\"},\"query-input\":\"required name=search_term_string\"}],\"inLanguage\":\"es\"},{\"@type\":\"WebPage\",\"@id\":\"https:\/\/mucca.pt\/es\/sobre-nosotros\/#webpage\",\"url\":\"https:\/\/mucca.pt\/es\/sobre-nosotros\/\",\"name\":\"Sobre Nosotros - Mucca\",\"isPartOf\":{\"@id\":\"https:\/\/mucca.pt\/#website\"},\"datePublished\":\"2020-11-10T14:24:27+00:00\",\"dateModified\":\"2022-01-20T12:16:38+00:00\",\"description\":\"Descubre m\\u00e1s sobre Mucca, una marca 100% azoriana, donde podr\\u00e1s encontrar tus productos favoritos en estas helader\\u00edas cerca de ti.\",\"breadcrumb\":{\"@id\":\"https:\/\/mucca.pt\/es\/sobre-nosotros\/#breadcrumb\"},\"inLanguage\":\"es\",\"potentialAction\":[{\"@type\":\"ReadAction\",\"target\":[\"https:\/\/mucca.pt\/es\/sobre-nosotros\/\"]}]},{\"@type\":\"BreadcrumbList\",\"@id\":\"https:\/\/mucca.pt\/es\/sobre-nosotros\/#breadcrumb\",\"itemListElement\":[{\"@type\":\"ListItem\",\"position\":1,\"name\":\"Home\",\"item\":\"https:\/\/mucca.pt\/es\/\"},{\"@type\":\"ListItem\",\"position\":2,\"name\":\"Sobre Nosotros\"}]}]}<\/script>\n<!-- \/ Yoast SEO plugin. -->","yoast_head_json":{"title":"Sobre Nosotros - Mucca","description":"Descubre m\u00e1s sobre Mucca, una marca 100% azoriana, donde podr\u00e1s encontrar tus productos favoritos en estas helader\u00edas cerca de ti.","robots":{"index":"index","follow":"follow","max-snippet":"max-snippet:-1","max-image-preview":"max-image-preview:large","max-video-preview":"max-video-preview:-1"},"canonical":"https:\/\/mucca.pt\/es\/sobre-nosotros\/","og_locale":"es_ES","og_type":"article","og_title":"Sobre Nosotros - Mucca","og_description":"Descubre m\u00e1s sobre Mucca, una marca 100% azoriana, donde podr\u00e1s encontrar tus productos favoritos en estas helader\u00edas cerca de ti.","og_url":"https:\/\/mucca.pt\/es\/sobre-nosotros\/","og_site_name":"Mucca","article_modified_time":"2022-01-20T12:16:38+00:00","twitter_card":"summary_large_image","schema":{"@context":"https:\/\/schema.org","@graph":[{"@type":"WebSite","@id":"https:\/\/mucca.pt\/#website","url":"https:\/\/mucca.pt\/","name":"Mucca","description":"Gelados, leite e iogurtes 100% a\u00e7orianos - Ponta Delgada, A\u00e7ores","potentialAction":[{"@type":"SearchAction","target":{"@type":"EntryPoint","urlTemplate":"https:\/\/mucca.pt\/?s={search_term_string}"},"query-input":"required name=search_term_string"}],"inLanguage":"es"},{"@type":"WebPage","@id":"https:\/\/mucca.pt\/es\/sobre-nosotros\/#webpage","url":"https:\/\/mucca.pt\/es\/sobre-nosotros\/","name":"Sobre Nosotros - Mucca","isPartOf":{"@id":"https:\/\/mucca.pt\/#website"},"datePublished":"2020-11-10T14:24:27+00:00","dateModified":"2022-01-20T12:16:38+00:00","description":"Descubre m\u00e1s sobre Mucca, una marca 100% azoriana, donde podr\u00e1s encontrar tus productos favoritos en estas helader\u00edas cerca de ti.","breadcrumb":{"@id":"https:\/\/mucca.pt\/es\/sobre-nosotros\/#breadcrumb"},"inLanguage":"es","potentialAction":[{"@type":"ReadAction","target":["https:\/\/mucca.pt\/es\/sobre-nosotros\/"]}]},{"@type":"BreadcrumbList","@id":"https:\/\/mucca.pt\/es\/sobre-nosotros\/#breadcrumb","itemListElement":[{"@type":"ListItem","position":1,"name":"Home","item":"https:\/\/mucca.pt\/es\/"},{"@type":"ListItem","position":2,"name":"Sobre Nosotros"}]}]}},"_links":{"self":[{"href":"https:\/\/mucca.pt\/es\/wp-json\/wp\/v2\/pages\/10633"}],"collection":[{"href":"https:\/\/mucca.pt\/es\/wp-json\/wp\/v2\/pages"}],"about":[{"href":"https:\/\/mucca.pt\/es\/wp-json\/wp\/v2\/types\/page"}],"author":[{"embeddable":true,"href":"https:\/\/mucca.pt\/es\/wp-json\/wp\/v2\/users\/1"}],"replies":[{"embeddable":true,"href":"https:\/\/mucca.pt\/es\/wp-json\/wp\/v2\/comments?post=10633"}],"version-history":[{"count":7,"href":"https:\/\/mucca.pt\/es\/wp-json\/wp\/v2\/pages\/10633\/revisions"}],"predecessor-version":[{"id":11515,"href":"https:\/\/mucca.pt\/es\/wp-json\/wp\/v2\/pages\/10633\/revisions\/11515"}],"wp:attachment":[{"href":"https:\/\/mucca.pt\/es\/wp-json\/wp\/v2\/media?parent=10633"}],"curies":[{"name":"wp","href":"https:\/\/api.w.org\/{rel}","templated":true}]}}